{"id":1453,"date":"2021-08-12T16:38:44","date_gmt":"2021-08-12T14:38:44","guid":{"rendered":"http:\/\/www.silprogetti.com\/nuovosito\/?page_id=1453"},"modified":"2022-02-18T08:13:42","modified_gmt":"2022-02-18T07:13:42","slug":"linee-vita","status":"publish","type":"page","link":"http:\/\/www.silprogetti.com\/nuovosito\/servizi\/linee-vita\/","title":{"rendered":"Linee Vita"},"content":{"rendered":"<p>[vc_row type=&#8221;full-width&#8221; full_width=&#8221;stretch_row&#8221; css=&#8221;.vc_custom_1636272163389{margin-bottom: 0px !important;background-color: #24448d !important;}&#8221;][vc_column][vc_row_inner][vc_column_inner][vc_raw_html]JTNDZGl2JTIwY2xhc3MlM0QlMjJtZW51LWljb24lMjIlM0UlMjAlMEElMEElM0NkaXYlMjBjbGFzcyUzRCUyMnB1bHMlMjIlM0UlM0NhJTIwaHJlZiUzRCUyMmh0dHAlM0ElMkYlMkZ3d3cuc2lscHJvZ2V0dGkuY29tJTJGbnVvdm9zaXRvJTJGc2Vydml6aSUyRmVuZXJnaWEtZWxldHRyaWNhLWUtZ2FzJTJGJTIyJTIwdGl0bGUlM0QlMjJFbmVyZ2lhJTIwZWxldHRyaWNhJTIwZSUyMEdhcyUyMiUzRSUzQ2ltZyUyMHNyYyUzRCUyMmh0dHAlM0ElMkYlMkZ3d3cuc2lscHJvZ2V0dGkuY29tJTJGbnVvdm9zaXRvJTJGd3AtY29udGVudCUyRnVwbG9hZHMlMkYyMDIxJTJGMTElMkZlbmVyZ2lhLWVsZXR0cmljYS1nYXMucG5nJTIyJTIwYWx0JTNEJTIyRW5lcmdpYSUyMGVsZXR0cmljYSUyMGUlMjBHYXMlMjIlM0UlM0MlMkZhJTNFJTNDJTJGZGl2JTNFJTBBJTBBJTBBJTNDZGl2JTIwY2xhc3MlM0QlMjJwdWxzJTIyJTNFJTNDYSUyMGhyZWYlM0QlMjJodHRwJTNBJTJGJTJGd3d3LnNpbHByb2dldHRpLmNvbSUyRm51b3Zvc2l0byUyRnNlcnZpemklMkZzaWN1cmV6emElMkYlMjIlMjB0aXRsZSUzRCUyMlNpY3VyZXp6YSUyMiUzRSUzQ2ltZyUyMHNyYyUzRCUyMmh0dHAlM0ElMkYlMkZ3d3cuc2lscHJvZ2V0dGkuY29tJTJGbnVvdm9zaXRvJTJGd3AtY29udGVudCUyRnVwbG9hZHMlMkYyMDIxJTJGMTElMkZzaWN1cmV6emEucG5nJTIyJTIwYWx0JTNEJTIyU2ljdWVyZXp6YSUyMiUzRSUzQyUyRmElM0UlM0MlMkZkaXYlM0UlMEElMEElM0NkaXYlMjBjbGFzcyUzRCUyMnB1bHMlMjIlM0UlM0NhJTIwaHJlZiUzRCUyMmh0dHAlM0ElMkYlMkZ3d3cuc2lscHJvZ2V0dGkuY29tJTJGbnVvdm9zaXRvJTJGc2Vydml6aSUyRmxpbmVlLXZpdGElMkYlMjIlMjB0aXRsZSUzRCUyMkxpbmVlJTIwdml0YSUyMiUzRSUzQ2ltZyUyMHNyYyUzRCUyMmh0dHAlM0ElMkYlMkZ3d3cuc2lscHJvZ2V0dGkuY29tJTJGbnVvdm9zaXRvJTJGd3AtY29udGVudCUyRnVwbG9hZHMlMkYyMDIxJTJGMTElMkZsaW5lZS12aXRhLnBuZyUyMiUyMGFsdCUzRCUyMmxpbmVlJTIwdml0YSUyMiUzRSUzQyUyRmElM0UlM0MlMkZkaXYlM0UlMEElMEElM0NkaXYlMjBjbGFzcyUzRCUyMnB1bHMlMjIlM0UlM0NhJTIwaHJlZiUzRCUyMmh0dHAlM0ElMkYlMkZ3d3cuc2lscHJvZ2V0dGkuY29tJTJGbnVvdm9zaXRvJTJGc2Vydml6aSUyRnByaXZhY3klMkYlMjIlMjB0aXRsZSUzRCUyMlByaXZhY3klMjIlM0UlM0NpbWclMjBzcmMlM0QlMjJodHRwJTNBJTJGJTJGd3d3LnNpbHByb2dldHRpLmNvbSUyRm51b3Zvc2l0byUyRndwLWNvbnRlbnQlMkZ1cGxvYWRzJTJGMjAyMSUyRjExJTJGcHJpdmFjeS5wbmclMjIlMjBhbHQlM0QlMjJQcml2YWN5JTIyJTNFJTNDJTJGYSUzRSUzQyUyRmRpdiUzRSUwQSUwQSUzQ2RpdiUyMGNsYXNzJTNEJTIycHVscyUyMiUzRSUzQ2ElMjBocmVmJTNEJTIyaHR0cCUzQSUyRiUyRnd3dy5zaWxwcm9nZXR0aS5jb20lMkZudW92b3NpdG8lMkZzZXJ2aXppJTJGY2VydGlmaWNhemlvbmklMkYlMjIlMjB0aXRsZSUzRCUyMkNlcnRpZmljYXppb25pJTIyJTNFJTNDaW1nJTIwc3JjJTNEJTIyaHR0cCUzQSUyRiUyRnd3dy5zaWxwcm9nZXR0aS5jb20lMkZudW92b3NpdG8lMkZ3cC1jb250ZW50JTJGdXBsb2FkcyUyRjIwMjElMkYxMSUyRmNlcnRpZmljYXppb25pLnBuZyUyMiUyMGFsdCUzRCUyMkNlcnRpZmljYXppb25pJTIyJTNFJTNDJTJGYSUzRSUzQyUyRmRpdiUzRSUwQSUwQSUzQ2RpdiUyMGNsYXNzJTNEJTIycHVscyUyMiUzRSUzQ2ElMjBocmVmJTNEJTIyaHR0cCUzQSUyRiUyRnd3dy5zaWxwcm9nZXR0aS5jb20lMkZudW92b3NpdG8lMkZzZXJ2aXppJTJGaW5nZWduZXJpYSUyRiUyMiUyMHRpdGxlJTNEJTIySW5nZWduZXJpYSUyMiUzRSUzQ2ltZyUyMHNyYyUzRCUyMmh0dHAlM0ElMkYlMkZ3d3cuc2lscHJvZ2V0dGkuY29tJTJGbnVvdm9zaXRvJTJGd3AtY29udGVudCUyRnVwbG9hZHMlMkYyMDIxJTJGMTElMkZpbmdlZ25lcmlhLnBuZyUyMiUyMGFsdCUzRCUyMkluZ2VnbmVyaWElMjIlM0UlM0MlMkZhJTNFJTNDJTJGZGl2JTNFJTBBJTBBJTNDZGl2JTIwY2xhc3MlM0QlMjJwdWxzJTIyJTNFJTNDYSUyMGhyZWYlM0QlMjJodHRwJTNBJTJGJTJGd3d3LnNpbHByb2dldHRpLmNvbSUyRm51b3Zvc2l0byUyRnNlcnZpemklMkZwb3RhYmlsaXRhLWFjcXVhJTJGJTIyJTIwdGl0bGUlM0QlMjJQb3RhYmlsaXQlQzMlQTAlMjBhY3F1YSUyMiUzRSUzQ2ltZyUyMHNyYyUzRCUyMmh0dHAlM0ElMkYlMkZ3d3cuc2lscHJvZ2V0dGkuY29tJTJGbnVvdm9zaXRvJTJGd3AtY29udGVudCUyRnVwbG9hZHMlMkYyMDIxJTJGMTElMkZwb3RhYmlsaXRhLWFjcXVhLnBuZyUyMiUyMGFsdCUzRCUyMlBvdGFiaWxpdCVDMyVBMCUyMGFjcXVhJTIyJTNFJTNDJTJGYSUzRSUzQyUyRmRpdiUzRSUwQSUwQSUzQ2RpdiUyMGNsYXNzJTNEJTIycHVscyUyMiUzRSUzQ2ElMjBocmVmJTNEJTIyaHR0cCUzQSUyRiUyRnd3dy5zaWxwcm9nZXR0aS5jb20lMkZudW92b3NpdG8lMkZzZXJ2aXppJTJGc21hbHRpbWVudG8tYW1pYW50byUyRiUyMiUyMHRpdGxlJTNEJTIyU21hbHRpbWVudG8lMjBBbWlhbnRvJTIyJTNFJTNDaW1nJTIwc3JjJTNEJTIyaHR0cCUzQSUyRiUyRnd3dy5zaWxwcm9nZXR0aS5jb20lMkZudW92b3NpdG8lMkZ3cC1jb250ZW50JTJGdXBsb2FkcyUyRjIwMjElMkYxMSUyRnNtYWx0aW1lbnRvLWFtaWFudG8ucG5nJTIyJTIwYWx0JTNEJTIyU21hbHRpbWVudG8lMjBBbWlhbnRvJTIyJTNFJTNDJTJGYSUzRSUzQyUyRmRpdiUzRSUwQSUzQyUyRmRpdiUzRQ==[\/vc_raw_html][\/vc_column_inner][\/vc_row_inner][\/vc_column][\/vc_row][vc_row top_margin=&#8221;page-margin-top&#8221;][vc_column]<h3 class=\"box-header\">Linee vita<\/h3>[\/vc_column][\/vc_row][vc_row][vc_column width=&#8221;1\/2&#8243;][vc_column_text]Le linee vita sono un sistema di sicurezza per i lavori in quota, la cui funzione \u00e8 quella di evitare la caduta dall&#8217;edificio da parte del lavoratore.<\/p>\n<p>Le linee vita, rappresentano un <strong>sistema di sicurezza<\/strong> al quale i lavoratori possono agganciarsi tramite apposite imbracature. Questo sistema di protezione consiste nell&#8217;installazione sul tetto di in un <strong>cavo metallico<\/strong>, al quale si agganciano gli operatori tramite imbracature e relativi cordini.<\/p>\n<p>I lavori di manutenzione possono essere di tanti tipi ed \u00e8 per questo necessario che il condominio sia pronto per evitare ogni tipo di problema, tutto deve svolgersi al massimo della sicurezza, tanto se si tratti di pulire i canali di scolo, sostituire le tegole, sistemare eventuali pannelli solari, o anche, pi\u00f9 semplicemente, le antenne della televisione.[\/vc_column_text][\/vc_column][vc_column width=&#8221;1\/2&#8243;][vc_single_image image=&#8221;1326&#8243; img_size=&#8221;big-thumb&#8221; onclick=&#8221;img_link_large&#8221; el_class=&#8221;re-lightbox&#8221;][\/vc_column][\/vc_row][vc_row][vc_column][vc_column_text css=&#8221;.vc_custom_1645118310493{margin-right: 80px !important;margin-left: 40px !important;}&#8221;]<\/p>\n<p style=\"text-align: center;\">L\u2019insistenza sulla sicurezza non \u00e8 casuale: dovete infatti sapere che ci sono specifiche norme che regolano la necessit\u00e0 della presenza di tali linee vita condominiali, vi sono dunque <strong>responsabilit\u00e0 legali e obblighi da seguire<\/strong>. Se il vostro tetto, infatti, non \u00e8 a norma, potreste incorrere in conseguenze civili, e in casi gravi, anche penali.<\/p>\n<p>[\/vc_column_text][vc_cta h2=&#8221;Cerchi una soluzione estetica ed economica per i lavori in quota?&#8221; txt_align=&#8221;center&#8221; el_width=&#8221;xl&#8221; css=&#8221;.vc_custom_1645119582846{margin-top: 30px !important;margin-right: 0px !important;margin-bottom: 30px !important;margin-left: 0px !important;}&#8221;]<\/p>\n<p style=\"text-align: center;\">Richiedi una nostra consulenza<\/p>\n<p>&nbsp;<\/p>\n<h3 style=\"text-align: center;\"><a class=\"more\" href=\"#info\">CLICCA QUI<\/a><\/h3>\n<p>[\/vc_cta][vc_row_inner][vc_column_inner][vc_column_text css=&#8221;.vc_custom_1645117838494{margin-top: 30px !important;}&#8221;]Secondo la legge questo tipo di lavori comprendono ogni operazione svolta con i piedi a due o pi\u00f9 metri dalla prima superficie che si incontrerebbe in caso di caduta.<br \/>\nLa linea vita da installare per evitare qualsiasi tipo di problema pu\u00f2 essere fissa o mobile, orizzontale o verticale, e si compone di un binario solitamente in alluminio o in acciaio inox fissato ai bordi di tutta la superficie sopraelevata, con tutto il necessario per assicurare l\u2019imbragatura di chi lavora.<\/p>\n<p><strong>Sil Progetti<\/strong> attraverso la propria rete di partner, \u00e8 in grado di fornire le <strong>migliori soluzioni estetiche ed economiche per i lavori in quota<\/strong>.<\/p>\n<p><em>(Fornitura, installazione, collaudo e certificazione Linea vita, manutenzione Linea vita anche installate da terzi, manutenzioni in quota,<\/em><br \/>\n<em>messa in sicurezza facciate, cavedi, sottobalconi e lavaggio vetrate)<\/em>[\/vc_column_text][\/vc_column_inner][\/vc_row_inner][\/vc_column][\/vc_row][vc_row top_margin=&#8221;page-margin-top&#8221;][vc_column][vc_custom_heading text=&#8221;I nostri Partner&#8221; font_container=&#8221;tag:h3|text_align:center&#8221; use_theme_fonts=&#8221;yes&#8221; css=&#8221;.vc_custom_1645168407489{margin-top: 20px !important;margin-bottom: 20px !important;}&#8221;][vc_single_image image=&#8221;1819&#8243; img_size=&#8221;&#8221; alignment=&#8221;center&#8221;][\/vc_column][\/vc_row][vc_row type=&#8221;full-width&#8221; top_margin=&#8221;page-margin-top&#8221; full_width=&#8221;stretch_row&#8221; css=&#8221;.vc_custom_1645119596303{padding-bottom: 30px !important;background-color: #f4f4f4 !important;}&#8221; el_id=&#8221;info&#8221;][vc_column][vc_custom_heading text=&#8221;VUOI AVERE UN PREVENTIVO O RICEVERE MAGGIORI INFORMAZIONI?&#8221; font_container=&#8221;tag:h3|text_align:center&#8221; use_theme_fonts=&#8221;yes&#8221; css=&#8221;.vc_custom_1622990319293{margin-top: 30px !important;margin-bottom: 30px !important;}&#8221;][vc_row_inner][vc_column_inner width=&#8221;1\/3&#8243;]<div class=\"feature-item sl-small-location\"><p>Via Saverio Mercadante 8<br \/>\nMilano<\/p><\/div>[\/vc_column_inner][vc_column_inner width=&#8221;1\/3&#8243;]<div class=\"feature-item sl-small-phone\"><p><\/p>\n<h4>Tel: <a href=\"tel:+39.0289617519\">02 89617519<\/a><\/h4>\n<p><\/p><\/div>[\/vc_column_inner][vc_column_inner width=&#8221;1\/3&#8243;]<div class=\"feature-item sl-small-clock\"><p>Lun-Ven: 09.00 &#8211; 13.00 | 14:00 &#8211; 18:00<\/p><\/div>[\/vc_column_inner][\/vc_row_inner][vc_row_inner css=&#8221;.vc_custom_1622991868822{margin-top: 30px !important;}&#8221;][vc_column_inner]<h4 class=\"box-header\">Compila il seguente per avere maggiori informazioni<\/h4><div role=\"form\" class=\"wpcf7\" id=\"wpcf7-f1224-o1\" lang=\"it-IT\" dir=\"ltr\">\n<div class=\"screen-reader-response\"><p role=\"status\" aria-live=\"polite\" aria-atomic=\"true\"><\/p> <ul><\/ul><\/div>\n<form action=\"\/nuovosito\/wp-json\/wp\/v2\/pages\/1453#wpcf7-f1224-o1\" method=\"post\" class=\"wpcf7-form init\" novalidate=\"novalidate\" data-status=\"init\">\n<div style=\"display: none;\">\n<input type=\"hidden\" name=\"_wpcf7\" value=\"1224\" \/>\n<input type=\"hidden\" name=\"_wpcf7_version\" value=\"5.4.1\" \/>\n<input type=\"hidden\" name=\"_wpcf7_locale\" value=\"it_IT\" \/>\n<input type=\"hidden\" name=\"_wpcf7_unit_tag\" value=\"wpcf7-f1224-o1\" \/>\n<input type=\"hidden\" name=\"_wpcf7_container_post\" value=\"0\" \/>\n<input type=\"hidden\" name=\"_wpcf7_posted_data_hash\" value=\"\" \/>\n<\/div>\n<div class=\"vc_row wpb_row vc_inner\">\n<fieldset class=\"vc_col-sm-6 wpb_column vc_column_container\">\n<div class=\"pad\"><span class=\"wpcf7-form-control-wrap nome\"><input type=\"text\" name=\"nome\" value=\"\" size=\"40\" class=\"wpcf7-form-control wpcf7-text wpcf7-validates-as-required paddue\" aria-required=\"true\" aria-invalid=\"false\" placeholder=\"Nome*:\" \/><\/span><\/div>\n<div class=\"pad\"><span class=\"wpcf7-form-control-wrap telefono\"><input type=\"tel\" name=\"telefono\" value=\"\" size=\"40\" class=\"wpcf7-form-control wpcf7-text wpcf7-tel wpcf7-validates-as-required wpcf7-validates-as-tel paddue\" aria-required=\"true\" aria-invalid=\"false\" placeholder=\"Telefono*:\" \/><\/span><\/div>\n<div class=\"pad\"><span class=\"wpcf7-form-control-wrap email\"><input type=\"email\" name=\"email\" value=\"\" size=\"40\" class=\"wpcf7-form-control wpcf7-text wpcf7-email wpcf7-validates-as-required wpcf7-validates-as-email paddue\" aria-required=\"true\" aria-invalid=\"false\" placeholder=\"Email*:\" \/><\/span><\/div>\n<\/fieldset>\n<fieldset class=\"vc_col-sm-6 wpb_column vc_column_container\">\n<div class=\"pad\"><span class=\"wpcf7-form-control-wrap messaggio\"><textarea name=\"messaggio\" cols=\"42\" rows=\"7\" class=\"wpcf7-form-control wpcf7-textarea\" aria-invalid=\"false\" placeholder=\"Messaggio\"><\/textarea><\/span><\/div>\n<\/fieldset>\n<div class=\"vc_row wpb_row vc_innern text-left\"><span class=\"wpcf7-form-control-wrap privacy\"><span class=\"wpcf7-form-control wpcf7-acceptance\"><span class=\"wpcf7-list-item\"><label><input type=\"checkbox\" name=\"privacy\" value=\"1\" aria-invalid=\"false\" \/><span class=\"wpcf7-list-item-label\">Accetta privacy<\/span><\/label><\/span><\/span><\/span><\/div>\n<p><span class=\"wpcf7-form-control-wrap titolo_pagina\"><input type=\"hidden\" name=\"titolo_pagina\" value=\"Linee Vita\" size=\"40\" class=\"wpcf7-form-control wpcf7dtx-dynamictext wpcf7-dynamichidden\" aria-invalid=\"false\" \/><\/span><\/p>\n<p><span class=\"wpcf7-form-control-wrap url_pagina\"><input type=\"hidden\" name=\"url_pagina\" value=\"http:\/\/silprogetti.com\/nuovosito\/wp-json\/wp\/v2\/pages\/1453\" size=\"40\" class=\"wpcf7-form-control wpcf7dtx-dynamictext wpcf7-dynamichidden\" aria-invalid=\"false\" \/><\/span><\/p>\n<div class=\"vc_row wpb_row vc_innern text-center\"><input type=\"submit\" value=\"INVIA MESSAGGIO\" class=\"wpcf7-form-control wpcf7-submit more\" \/><\/div>\n<\/div>\n<div class=\"wpcf7-response-output\" aria-hidden=\"true\"><\/div><\/form><\/div>[\/vc_column_inner][\/vc_row_inner][\/vc_column][\/vc_row]<\/p>\n","protected":false},"excerpt":{"rendered":"<p>[vc_row type=&#8221;full-width&#8221; full_width=&#8221;stretch_row&#8221; css=&#8221;.vc_custom_1636272163389{margin-bottom: 0px !important;background-color: #24448d !important;}&#8221;][vc_column][vc_row_inner][vc_column_inner][vc_raw_html]JTNDZGl2JTIwY2xhc3MlM0QlMjJtZW51LWljb24lMjIlM0UlMjAlMEElMEElM0NkaXYlMjBjbGFzcyUzRCUyMnB1bHMlMjIlM0UlM0NhJTIwaHJlZiUzRCUyMmh0dHAlM0ElMkYlMkZ3d3cuc2lscHJvZ2V0dGkuY29tJTJGbnVvdm9zaXRvJTJGc2Vydml6aSUyRmVuZXJnaWEtZWxldHRyaWNhLWUtZ2FzJTJGJTIyJTIwdGl0bGUlM0QlMjJFbmVyZ2lhJTIwZWxldHRyaWNhJTIwZSUyMEdhcyUyMiUzRSUzQ2ltZyUyMHNyYyUzRCUyMmh0dHAlM0ElMkYlMkZ3d3cuc2lscHJvZ2V0dGkuY29tJTJGbnVvdm9zaXRvJTJGd3AtY29udGVudCUyRnVwbG9hZHMlMkYyMDIxJTJGMTElMkZlbmVyZ2lhLWVsZXR0cmljYS1nYXMucG5nJTIyJTIwYWx0JTNEJTIyRW5lcmdpYSUyMGVsZXR0cmljYSUyMGUlMjBHYXMlMjIlM0UlM0MlMkZhJTNFJTNDJTJGZGl2JTNFJTBBJTBBJTBBJTNDZGl2JTIwY2xhc3MlM0QlMjJwdWxzJTIyJTNFJTNDYSUyMGhyZWYlM0QlMjJodHRwJTNBJTJGJTJGd3d3LnNpbHByb2dldHRpLmNvbSUyRm51b3Zvc2l0byUyRnNlcnZpemklMkZzaWN1cmV6emElMkYlMjIlMjB0aXRsZSUzRCUyMlNpY3VyZXp6YSUyMiUzRSUzQ2ltZyUyMHNyYyUzRCUyMmh0dHAlM0ElMkYlMkZ3d3cuc2lscHJvZ2V0dGkuY29tJTJGbnVvdm9zaXRvJTJGd3AtY29udGVudCUyRnVwbG9hZHMlMkYyMDIxJTJGMTElMkZzaWN1cmV6emEucG5nJTIyJTIwYWx0JTNEJTIyU2ljdWVyZXp6YSUyMiUzRSUzQyUyRmElM0UlM0MlMkZkaXYlM0UlMEElMEElM0NkaXYlMjBjbGFzcyUzRCUyMnB1bHMlMjIlM0UlM0NhJTIwaHJlZiUzRCUyMmh0dHAlM0ElMkYlMkZ3d3cuc2lscHJvZ2V0dGkuY29tJTJGbnVvdm9zaXRvJTJGc2Vydml6aSUyRmxpbmVlLXZpdGElMkYlMjIlMjB0aXRsZSUzRCUyMkxpbmVlJTIwdml0YSUyMiUzRSUzQ2ltZyUyMHNyYyUzRCUyMmh0dHAlM0ElMkYlMkZ3d3cuc2lscHJvZ2V0dGkuY29tJTJGbnVvdm9zaXRvJTJGd3AtY29udGVudCUyRnVwbG9hZHMlMkYyMDIxJTJGMTElMkZsaW5lZS12aXRhLnBuZyUyMiUyMGFsdCUzRCUyMmxpbmVlJTIwdml0YSUyMiUzRSUzQyUyRmElM0UlM0MlMkZkaXYlM0UlMEElMEElM0NkaXYlMjBjbGFzcyUzRCUyMnB1bHMlMjIlM0UlM0NhJTIwaHJlZiUzRCUyMmh0dHAlM0ElMkYlMkZ3d3cuc2lscHJvZ2V0dGkuY29tJTJGbnVvdm9zaXRvJTJGc2Vydml6aSUyRnByaXZhY3klMkYlMjIlMjB0aXRsZSUzRCUyMlByaXZhY3klMjIlM0UlM0NpbWclMjBzcmMlM0QlMjJodHRwJTNBJTJGJTJGd3d3LnNpbHByb2dldHRpLmNvbSUyRm51b3Zvc2l0byUyRndwLWNvbnRlbnQlMkZ1cGxvYWRzJTJGMjAyMSUyRjExJTJGcHJpdmFjeS5wbmclMjIlMjBhbHQlM0QlMjJQcml2YWN5JTIyJTNFJTNDJTJGYSUzRSUzQyUyRmRpdiUzRSUwQSUwQSUzQ2RpdiUyMGNsYXNzJTNEJTIycHVscyUyMiUzRSUzQ2ElMjBocmVmJTNEJTIyaHR0cCUzQSUyRiUyRnd3dy5zaWxwcm9nZXR0aS5jb20lMkZudW92b3NpdG8lMkZzZXJ2aXppJTJGY2VydGlmaWNhemlvbmklMkYlMjIlMjB0aXRsZSUzRCUyMkNlcnRpZmljYXppb25pJTIyJTNFJTNDaW1nJTIwc3JjJTNEJTIyaHR0cCUzQSUyRiUyRnd3dy5zaWxwcm9nZXR0aS5jb20lMkZudW92b3NpdG8lMkZ3cC1jb250ZW50JTJGdXBsb2FkcyUyRjIwMjElMkYxMSUyRmNlcnRpZmljYXppb25pLnBuZyUyMiUyMGFsdCUzRCUyMkNlcnRpZmljYXppb25pJTIyJTNFJTNDJTJGYSUzRSUzQyUyRmRpdiUzRSUwQSUwQSUzQ2RpdiUyMGNsYXNzJTNEJTIycHVscyUyMiUzRSUzQ2ElMjBocmVmJTNEJTIyaHR0cCUzQSUyRiUyRnd3dy5zaWxwcm9nZXR0aS5jb20lMkZudW92b3NpdG8lMkZzZXJ2aXppJTJGaW5nZWduZXJpYSUyRiUyMiUyMHRpdGxlJTNEJTIySW5nZWduZXJpYSUyMiUzRSUzQ2ltZyUyMHNyYyUzRCUyMmh0dHAlM0ElMkYlMkZ3d3cuc2lscHJvZ2V0dGkuY29tJTJGbnVvdm9zaXRvJTJGd3AtY29udGVudCUyRnVwbG9hZHMlMkYyMDIxJTJGMTElMkZpbmdlZ25lcmlhLnBuZyUyMiUyMGFsdCUzRCUyMkluZ2VnbmVyaWElMjIlM0UlM0MlMkZhJTNFJTNDJTJGZGl2JTNFJTBBJTBBJTNDZGl2JTIwY2xhc3MlM0QlMjJwdWxzJTIyJTNFJTNDYSUyMGhyZWYlM0QlMjJodHRwJTNBJTJGJTJGd3d3LnNpbHByb2dldHRpLmNvbSUyRm51b3Zvc2l0byUyRnNlcnZpemklMkZwb3RhYmlsaXRhLWFjcXVhJTJGJTIyJTIwdGl0bGUlM0QlMjJQb3RhYmlsaXQlQzMlQTAlMjBhY3F1YSUyMiUzRSUzQ2ltZyUyMHNyYyUzRCUyMmh0dHAlM0ElMkYlMkZ3d3cuc2lscHJvZ2V0dGkuY29tJTJGbnVvdm9zaXRvJTJGd3AtY29udGVudCUyRnVwbG9hZHMlMkYyMDIxJTJGMTElMkZwb3RhYmlsaXRhLWFjcXVhLnBuZyUyMiUyMGFsdCUzRCUyMlBvdGFiaWxpdCVDMyVBMCUyMGFjcXVhJTIyJTNFJTNDJTJGYSUzRSUzQyUyRmRpdiUzRSUwQSUwQSUzQ2RpdiUyMGNsYXNzJTNEJTIycHVscyUyMiUzRSUzQ2ElMjBocmVmJTNEJTIyaHR0cCUzQSUyRiUyRnd3dy5zaWxwcm9nZXR0aS5jb20lMkZudW92b3NpdG8lMkZzZXJ2aXppJTJGc21hbHRpbWVudG8tYW1pYW50byUyRiUyMiUyMHRpdGxlJTNEJTIyU21hbHRpbWVudG8lMjBBbWlhbnRvJTIyJTNFJTNDaW1nJTIwc3JjJTNEJTIyaHR0cCUzQSUyRiUyRnd3dy5zaWxwcm9nZXR0aS5jb20lMkZudW92b3NpdG8lMkZ3cC1jb250ZW50JTJGdXBsb2FkcyUyRjIwMjElMkYxMSUyRnNtYWx0aW1lbnRvLWFtaWFudG8ucG5nJTIyJTIwYWx0JTNEJTIyU21hbHRpbWVudG8lMjBBbWlhbnRvJTIyJTNFJTNDJTJGYSUzRSUzQyUyRmRpdiUzRSUwQSUzQyUyRmRpdiUzRQ==[\/vc_raw_html][\/vc_column_inner][\/vc_row_inner][\/vc_column][\/vc_row][vc_row top_margin=&#8221;page-margin-top&#8221;][vc_column][\/vc_column][\/vc_row][vc_row][vc_column width=&#8221;1\/2&#8243;][vc_column_text]Le linee vita sono un sistema di sicurezza per i lavori in quota, la cui funzione \u00e8 quella di evitare la caduta dall&#8217;edificio da parte del lavoratore. Le linee vita, rappresentano un sistema di sicurezza al quale i lavoratori possono agganciarsi tramite apposite imbracature. Questo sistema<\/p>\n","protected":false},"author":1,"featured_media":0,"parent":137,"menu_order":3,"comment_status":"closed","ping_status":"closed","template":"","meta":{"footnotes":""},"class_list":["post-1453","page","type-page","status-publish","hentry"],"_links":{"self":[{"href":"http:\/\/www.silprogetti.com\/nuovosito\/wp-json\/wp\/v2\/pages\/1453","targetHints":{"allow":["GET"]}}],"collection":[{"href":"http:\/\/www.silprogetti.com\/nuovosito\/wp-json\/wp\/v2\/pages"}],"about":[{"href":"http:\/\/www.silprogetti.com\/nuovosito\/wp-json\/wp\/v2\/types\/page"}],"author":[{"embeddable":true,"href":"http:\/\/www.silprogetti.com\/nuovosito\/wp-json\/wp\/v2\/users\/1"}],"replies":[{"embeddable":true,"href":"http:\/\/www.silprogetti.com\/nuovosito\/wp-json\/wp\/v2\/comments?post=1453"}],"version-history":[{"count":32,"href":"http:\/\/www.silprogetti.com\/nuovosito\/wp-json\/wp\/v2\/pages\/1453\/revisions"}],"predecessor-version":[{"id":1823,"href":"http:\/\/www.silprogetti.com\/nuovosito\/wp-json\/wp\/v2\/pages\/1453\/revisions\/1823"}],"up":[{"embeddable":true,"href":"http:\/\/www.silprogetti.com\/nuovosito\/wp-json\/wp\/v2\/pages\/137"}],"wp:attachment":[{"href":"http:\/\/www.silprogetti.com\/nuovosito\/wp-json\/wp\/v2\/media?parent=1453"}],"curies":[{"name":"wp","href":"https:\/\/api.w.org\/{rel}","templated":true}]}}