{"id":1475,"date":"2021-08-16T10:00:20","date_gmt":"2021-08-16T08:00:20","guid":{"rendered":"http:\/\/www.silprogetti.com\/nuovosito\/?page_id=1475"},"modified":"2022-02-18T08:14:51","modified_gmt":"2022-02-18T07:14:51","slug":"verifiche-periodiche-ascensori","status":"publish","type":"page","link":"http:\/\/www.silprogetti.com\/nuovosito\/servizi\/certificazioni\/verifiche-periodiche-ascensori\/","title":{"rendered":"Verifiche periodiche ascensori"},"content":{"rendered":"<p>[vc_row type=&#8221;full-width&#8221; full_width=&#8221;stretch_row&#8221; css=&#8221;.vc_custom_1636272213134{margin-bottom: 0px !important;background-color: #24448d !important;}&#8221;][vc_column][vc_row_inner][vc_column_inner][vc_raw_html]JTNDZGl2JTIwY2xhc3MlM0QlMjJtZW51LWljb24lMjIlM0UlMjAlMEElMEElM0NkaXYlMjBjbGFzcyUzRCUyMnB1bHMlMjIlM0UlM0NhJTIwaHJlZiUzRCUyMmh0dHAlM0ElMkYlMkZ3d3cuc2lscHJvZ2V0dGkuY29tJTJGbnVvdm9zaXRvJTJGc2Vydml6aSUyRmVuZXJnaWEtZWxldHRyaWNhLWUtZ2FzJTJGJTIyJTIwdGl0bGUlM0QlMjJFbmVyZ2lhJTIwZWxldHRyaWNhJTIwZSUyMEdhcyUyMiUzRSUzQ2ltZyUyMHNyYyUzRCUyMmh0dHAlM0ElMkYlMkZ3d3cuc2lscHJvZ2V0dGkuY29tJTJGbnVvdm9zaXRvJTJGd3AtY29udGVudCUyRnVwbG9hZHMlMkYyMDIxJTJGMTElMkZlbmVyZ2lhLWVsZXR0cmljYS1nYXMucG5nJTIyJTIwYWx0JTNEJTIyRW5lcmdpYSUyMGVsZXR0cmljYSUyMGUlMjBHYXMlMjIlM0UlM0MlMkZhJTNFJTNDJTJGZGl2JTNFJTBBJTBBJTBBJTNDZGl2JTIwY2xhc3MlM0QlMjJwdWxzJTIyJTNFJTNDYSUyMGhyZWYlM0QlMjJodHRwJTNBJTJGJTJGd3d3LnNpbHByb2dldHRpLmNvbSUyRm51b3Zvc2l0byUyRnNlcnZpemklMkZzaWN1cmV6emElMkYlMjIlMjB0aXRsZSUzRCUyMlNpY3VyZXp6YSUyMiUzRSUzQ2ltZyUyMHNyYyUzRCUyMmh0dHAlM0ElMkYlMkZ3d3cuc2lscHJvZ2V0dGkuY29tJTJGbnVvdm9zaXRvJTJGd3AtY29udGVudCUyRnVwbG9hZHMlMkYyMDIxJTJGMTElMkZzaWN1cmV6emEucG5nJTIyJTIwYWx0JTNEJTIyU2ljdWVyZXp6YSUyMiUzRSUzQyUyRmElM0UlM0MlMkZkaXYlM0UlMEElMEElM0NkaXYlMjBjbGFzcyUzRCUyMnB1bHMlMjIlM0UlM0NhJTIwaHJlZiUzRCUyMmh0dHAlM0ElMkYlMkZ3d3cuc2lscHJvZ2V0dGkuY29tJTJGbnVvdm9zaXRvJTJGc2Vydml6aSUyRmxpbmVlLXZpdGElMkYlMjIlMjB0aXRsZSUzRCUyMkxpbmVlJTIwdml0YSUyMiUzRSUzQ2ltZyUyMHNyYyUzRCUyMmh0dHAlM0ElMkYlMkZ3d3cuc2lscHJvZ2V0dGkuY29tJTJGbnVvdm9zaXRvJTJGd3AtY29udGVudCUyRnVwbG9hZHMlMkYyMDIxJTJGMTElMkZsaW5lZS12aXRhLnBuZyUyMiUyMGFsdCUzRCUyMmxpbmVlJTIwdml0YSUyMiUzRSUzQyUyRmElM0UlM0MlMkZkaXYlM0UlMEElMEElM0NkaXYlMjBjbGFzcyUzRCUyMnB1bHMlMjIlM0UlM0NhJTIwaHJlZiUzRCUyMmh0dHAlM0ElMkYlMkZ3d3cuc2lscHJvZ2V0dGkuY29tJTJGbnVvdm9zaXRvJTJGc2Vydml6aSUyRnByaXZhY3klMkYlMjIlMjB0aXRsZSUzRCUyMlByaXZhY3klMjIlM0UlM0NpbWclMjBzcmMlM0QlMjJodHRwJTNBJTJGJTJGd3d3LnNpbHByb2dldHRpLmNvbSUyRm51b3Zvc2l0byUyRndwLWNvbnRlbnQlMkZ1cGxvYWRzJTJGMjAyMSUyRjExJTJGcHJpdmFjeS5wbmclMjIlMjBhbHQlM0QlMjJQcml2YWN5JTIyJTNFJTNDJTJGYSUzRSUzQyUyRmRpdiUzRSUwQSUwQSUzQ2RpdiUyMGNsYXNzJTNEJTIycHVscyUyMiUzRSUzQ2ElMjBocmVmJTNEJTIyaHR0cCUzQSUyRiUyRnd3dy5zaWxwcm9nZXR0aS5jb20lMkZudW92b3NpdG8lMkZzZXJ2aXppJTJGY2VydGlmaWNhemlvbmklMkYlMjIlMjB0aXRsZSUzRCUyMkNlcnRpZmljYXppb25pJTIyJTNFJTNDaW1nJTIwc3JjJTNEJTIyaHR0cCUzQSUyRiUyRnd3dy5zaWxwcm9nZXR0aS5jb20lMkZudW92b3NpdG8lMkZ3cC1jb250ZW50JTJGdXBsb2FkcyUyRjIwMjElMkYxMSUyRmNlcnRpZmljYXppb25pLnBuZyUyMiUyMGFsdCUzRCUyMkNlcnRpZmljYXppb25pJTIyJTNFJTNDJTJGYSUzRSUzQyUyRmRpdiUzRSUwQSUwQSUzQ2RpdiUyMGNsYXNzJTNEJTIycHVscyUyMiUzRSUzQ2ElMjBocmVmJTNEJTIyaHR0cCUzQSUyRiUyRnd3dy5zaWxwcm9nZXR0aS5jb20lMkZudW92b3NpdG8lMkZzZXJ2aXppJTJGaW5nZWduZXJpYSUyRiUyMiUyMHRpdGxlJTNEJTIySW5nZWduZXJpYSUyMiUzRSUzQ2ltZyUyMHNyYyUzRCUyMmh0dHAlM0ElMkYlMkZ3d3cuc2lscHJvZ2V0dGkuY29tJTJGbnVvdm9zaXRvJTJGd3AtY29udGVudCUyRnVwbG9hZHMlMkYyMDIxJTJGMTElMkZpbmdlZ25lcmlhLnBuZyUyMiUyMGFsdCUzRCUyMkluZ2VnbmVyaWElMjIlM0UlM0MlMkZhJTNFJTNDJTJGZGl2JTNFJTBBJTBBJTNDZGl2JTIwY2xhc3MlM0QlMjJwdWxzJTIyJTNFJTNDYSUyMGhyZWYlM0QlMjJodHRwJTNBJTJGJTJGd3d3LnNpbHByb2dldHRpLmNvbSUyRm51b3Zvc2l0byUyRnNlcnZpemklMkZwb3RhYmlsaXRhLWFjcXVhJTJGJTIyJTIwdGl0bGUlM0QlMjJQb3RhYmlsaXQlQzMlQTAlMjBhY3F1YSUyMiUzRSUzQ2ltZyUyMHNyYyUzRCUyMmh0dHAlM0ElMkYlMkZ3d3cuc2lscHJvZ2V0dGkuY29tJTJGbnVvdm9zaXRvJTJGd3AtY29udGVudCUyRnVwbG9hZHMlMkYyMDIxJTJGMTElMkZwb3RhYmlsaXRhLWFjcXVhLnBuZyUyMiUyMGFsdCUzRCUyMlBvdGFiaWxpdCVDMyVBMCUyMGFjcXVhJTIyJTNFJTNDJTJGYSUzRSUzQyUyRmRpdiUzRSUwQSUwQSUzQ2RpdiUyMGNsYXNzJTNEJTIycHVscyUyMiUzRSUzQ2ElMjBocmVmJTNEJTIyaHR0cCUzQSUyRiUyRnd3dy5zaWxwcm9nZXR0aS5jb20lMkZudW92b3NpdG8lMkZzZXJ2aXppJTJGc21hbHRpbWVudG8tYW1pYW50byUyRiUyMiUyMHRpdGxlJTNEJTIyU21hbHRpbWVudG8lMjBBbWlhbnRvJTIyJTNFJTNDaW1nJTIwc3JjJTNEJTIyaHR0cCUzQSUyRiUyRnd3dy5zaWxwcm9nZXR0aS5jb20lMkZudW92b3NpdG8lMkZ3cC1jb250ZW50JTJGdXBsb2FkcyUyRjIwMjElMkYxMSUyRnNtYWx0aW1lbnRvLWFtaWFudG8ucG5nJTIyJTIwYWx0JTNEJTIyU21hbHRpbWVudG8lMjBBbWlhbnRvJTIyJTNFJTNDJTJGYSUzRSUzQyUyRmRpdiUzRSUwQSUzQyUyRmRpdiUzRQ==[\/vc_raw_html][\/vc_column_inner][\/vc_row_inner][\/vc_column][\/vc_row][vc_row top_margin=&#8221;page-margin-top&#8221;][vc_column]<h3 class=\"box-header\">Verifiche periodiche ascensori<\/h3>[\/vc_column][\/vc_row][vc_row][vc_column width=&#8221;2\/3&#8243;][vc_column_text]Le <strong>verifiche periodiche<\/strong> del sistema di elevazione condominiale devono essere svolte con <strong>cadenza biennale<\/strong> da enti autorizzati all\u2019esercizio di tale attivit\u00e0 (es. ASL, Organismi di Ispezione, ecc.).<br \/>\n<strong>SILprogetti srl attraverso la rete di ingegneri abilitati e periodicamente aggiornati<\/strong>, nel pieno rispetto delle procedure e le normative vigenti esegue la verifica periodica BIENNALE <strong>sui vostri immobili e ai vostri cond\u00f2mini la sicurezza nell\u2019uso quotidiano degli impianti ascensore da voi amministrati segnalandovi per tempo quelle che sono eventuali criticit\u00e0, garantendo la sicurezza degli utilizzatori<\/strong>.<\/p>\n<p>La <strong>Sil Progetti<\/strong> attraverso il suoi professionisti propone:<\/p>\n<ul>\n<li>Collaudo impianti<\/li>\n<li>Verifiche periodiche ascensori (DPR 162\/99)<\/li>\n<li>Verifica straordinaria ascensori<\/li>\n<\/ul>\n<p>[\/vc_column_text][vc_custom_heading text=&#8221;Vuoi verificare l&#8217;ascensore del tuo immobile?&#8221; font_container=&#8221;tag:h3|text_align:left|color:%231e73be&#8221; use_theme_fonts=&#8221;yes&#8221; css=&#8221;.vc_custom_1645164826523{margin-top: 20px !important;margin-bottom: 20px !important;}&#8221;]<a class=\"more\" href=\"#info\" title=\"RICHIEDI UN PREVENTIVO\">RICHIEDI UN PREVENTIVO<\/a>[vc_column_text css=&#8221;.vc_custom_1645164833946{margin-top: 30px !important;}&#8221;]<strong>Cosa fare in caso di verbale negativo ?<\/strong><\/p>\n<p>E\u2019 cura di Sil Progetti srl preallertarvi dell\u2019esito della verifica, ed al vostro fianco vi supporter\u00e0 nella scelta della soluzione pi\u00f9 idonea e meno onerosa nella risoluzione della non conformit\u00e0, o messa in sicurezza, al fine di fornirvi la positivit\u00e0 della verifica.<\/p>\n<p><strong>Quando \u00e8 obbligatoria la verifica straordinaria ?<\/strong><br \/>\nSil Progetto vi affianca nell\u2019esecuzione della verifica straordinaria, nei casi in cui siano state apportate modifiche all\u2019impianto rispetto a quanto presente nel libretto di fabbricazione, e possono essere :<\/p>\n<ul>\n<li>sostituzione di dispositivi di sicurezza come i limitatori di velocit\u00e0<\/li>\n<li>sostituzione del quadro di manovra, del macchinario o della cabina.<\/li>\n<\/ul>\n<p><strong>A fine verifica restituiremo, appurato il regolare funzionamento, e il ripristino degli standard di sicurezza, il verbale di avvenuta verifica con esito positivo.<\/strong><\/p>\n<p>Attraverso la nostra rete di partner manutentori, garantiamo la <strong>MIGLIORE soluzione<\/strong> in termini tecnici ed economici.[\/vc_column_text][\/vc_column][vc_column width=&#8221;1\/3&#8243; css=&#8221;.vc_custom_1629120871197{padding-top: 20px !important;padding-right: 20px !important;padding-bottom: 20px !important;padding-left: 20px !important;background-color: #ccd5e8 !important;}&#8221;][vc_custom_heading text=&#8221;CERTIFICAZIONI&#8221; font_container=&#8221;tag:h3|text_align:left|color:%230b56c6&#8243; use_theme_fonts=&#8221;yes&#8221; link=&#8221;url:http%3A%2F%2Fwww.silprogetti.com%2Fnuovosito%2Fservizi%2Fcertificazioni%2F|title:Certificazioni&#8221;][vc_empty_space height=&#8221;25px&#8221;][vc_wp_custommenu nav_menu=&#8221;36&#8243; el_class=&#8221;vertical-menu&#8221;][\/vc_column][\/vc_row][vc_row top_margin=&#8221;page-margin-top&#8221;][vc_column][vc_custom_heading text=&#8221;I nostri Partner&#8221; font_container=&#8221;tag:h3|text_align:center&#8221; use_theme_fonts=&#8221;yes&#8221; css=&#8221;.vc_custom_1645168477143{margin-top: 20px !important;margin-bottom: 20px !important;}&#8221;][vc_single_image image=&#8221;1820&#8243; alignment=&#8221;center&#8221;][\/vc_column][\/vc_row][vc_row type=&#8221;full-width&#8221; top_margin=&#8221;page-margin-top&#8221; full_width=&#8221;stretch_row&#8221; css=&#8221;.vc_custom_1645164804459{padding-bottom: 30px !important;background-color: #f4f4f4 !important;}&#8221; el_id=&#8221;info&#8221;][vc_column][vc_custom_heading text=&#8221;VUOI AVERE UN PREVENTIVO O RICEVERE MAGGIORI INFORMAZIONI?&#8221; font_container=&#8221;tag:h3|text_align:center&#8221; use_theme_fonts=&#8221;yes&#8221; css=&#8221;.vc_custom_1622990319293{margin-top: 30px !important;margin-bottom: 30px !important;}&#8221;][vc_row_inner][vc_column_inner width=&#8221;1\/3&#8243;]<div class=\"feature-item sl-small-location\"><p>Via Saverio Mercadante 8<br \/>\nMilano<\/p><\/div>[\/vc_column_inner][vc_column_inner width=&#8221;1\/3&#8243;]<div class=\"feature-item sl-small-phone\"><p><\/p>\n<h4>Tel: <a href=\"tel:+39.0289617519\">02 89617519<\/a><\/h4>\n<p><\/p><\/div>[\/vc_column_inner][vc_column_inner width=&#8221;1\/3&#8243;]<div class=\"feature-item sl-small-clock\"><p>Lun-Ven: 09.00 &#8211; 13.00 | 14:00 &#8211; 18:00<\/p><\/div>[\/vc_column_inner][\/vc_row_inner][vc_row_inner css=&#8221;.vc_custom_1622991868822{margin-top: 30px !important;}&#8221;][vc_column_inner]<h4 class=\"box-header\">Compila il seguente per avere maggiori informazioni<\/h4><div role=\"form\" class=\"wpcf7\" id=\"wpcf7-f1224-o1\" lang=\"it-IT\" dir=\"ltr\">\n<div class=\"screen-reader-response\"><p role=\"status\" aria-live=\"polite\" aria-atomic=\"true\"><\/p> <ul><\/ul><\/div>\n<form action=\"\/nuovosito\/wp-json\/wp\/v2\/pages\/1475#wpcf7-f1224-o1\" method=\"post\" class=\"wpcf7-form init\" novalidate=\"novalidate\" data-status=\"init\">\n<div style=\"display: none;\">\n<input type=\"hidden\" name=\"_wpcf7\" value=\"1224\" \/>\n<input type=\"hidden\" name=\"_wpcf7_version\" value=\"5.4.1\" \/>\n<input type=\"hidden\" name=\"_wpcf7_locale\" value=\"it_IT\" \/>\n<input type=\"hidden\" name=\"_wpcf7_unit_tag\" value=\"wpcf7-f1224-o1\" \/>\n<input type=\"hidden\" name=\"_wpcf7_container_post\" value=\"0\" \/>\n<input type=\"hidden\" name=\"_wpcf7_posted_data_hash\" value=\"\" \/>\n<\/div>\n<div class=\"vc_row wpb_row vc_inner\">\n<fieldset class=\"vc_col-sm-6 wpb_column vc_column_container\">\n<div class=\"pad\"><span class=\"wpcf7-form-control-wrap nome\"><input type=\"text\" name=\"nome\" value=\"\" size=\"40\" class=\"wpcf7-form-control wpcf7-text wpcf7-validates-as-required paddue\" aria-required=\"true\" aria-invalid=\"false\" placeholder=\"Nome*:\" \/><\/span><\/div>\n<div class=\"pad\"><span class=\"wpcf7-form-control-wrap telefono\"><input type=\"tel\" name=\"telefono\" value=\"\" size=\"40\" class=\"wpcf7-form-control wpcf7-text wpcf7-tel wpcf7-validates-as-required wpcf7-validates-as-tel paddue\" aria-required=\"true\" aria-invalid=\"false\" placeholder=\"Telefono*:\" \/><\/span><\/div>\n<div class=\"pad\"><span class=\"wpcf7-form-control-wrap email\"><input type=\"email\" name=\"email\" value=\"\" size=\"40\" class=\"wpcf7-form-control wpcf7-text wpcf7-email wpcf7-validates-as-required wpcf7-validates-as-email paddue\" aria-required=\"true\" aria-invalid=\"false\" placeholder=\"Email*:\" \/><\/span><\/div>\n<\/fieldset>\n<fieldset class=\"vc_col-sm-6 wpb_column vc_column_container\">\n<div class=\"pad\"><span class=\"wpcf7-form-control-wrap messaggio\"><textarea name=\"messaggio\" cols=\"42\" rows=\"7\" class=\"wpcf7-form-control wpcf7-textarea\" aria-invalid=\"false\" placeholder=\"Messaggio\"><\/textarea><\/span><\/div>\n<\/fieldset>\n<div class=\"vc_row wpb_row vc_innern text-left\"><span class=\"wpcf7-form-control-wrap privacy\"><span class=\"wpcf7-form-control wpcf7-acceptance\"><span class=\"wpcf7-list-item\"><label><input type=\"checkbox\" name=\"privacy\" value=\"1\" aria-invalid=\"false\" \/><span class=\"wpcf7-list-item-label\">Accetta privacy<\/span><\/label><\/span><\/span><\/span><\/div>\n<p><span class=\"wpcf7-form-control-wrap titolo_pagina\"><input type=\"hidden\" name=\"titolo_pagina\" value=\"Verifiche periodiche ascensori\" size=\"40\" class=\"wpcf7-form-control wpcf7dtx-dynamictext wpcf7-dynamichidden\" aria-invalid=\"false\" \/><\/span><\/p>\n<p><span class=\"wpcf7-form-control-wrap url_pagina\"><input type=\"hidden\" name=\"url_pagina\" value=\"http:\/\/silprogetti.com\/nuovosito\/wp-json\/wp\/v2\/pages\/1475\" size=\"40\" class=\"wpcf7-form-control wpcf7dtx-dynamictext wpcf7-dynamichidden\" aria-invalid=\"false\" \/><\/span><\/p>\n<div class=\"vc_row wpb_row vc_innern text-center\"><input type=\"submit\" value=\"INVIA MESSAGGIO\" class=\"wpcf7-form-control wpcf7-submit more\" \/><\/div>\n<\/div>\n<div class=\"wpcf7-response-output\" aria-hidden=\"true\"><\/div><\/form><\/div>[\/vc_column_inner][\/vc_row_inner][\/vc_column][\/vc_row]<\/p>\n","protected":false},"excerpt":{"rendered":"<p>[vc_row type=&#8221;full-width&#8221; full_width=&#8221;stretch_row&#8221; css=&#8221;.vc_custom_1636272213134{margin-bottom: 0px !important;background-color: #24448d !important;}&#8221;][vc_column][vc_row_inner][vc_column_inner][vc_raw_html]JTNDZGl2JTIwY2xhc3MlM0QlMjJtZW51LWljb24lMjIlM0UlMjAlMEElMEElM0NkaXYlMjBjbGFzcyUzRCUyMnB1bHMlMjIlM0UlM0NhJTIwaHJlZiUzRCUyMmh0dHAlM0ElMkYlMkZ3d3cuc2lscHJvZ2V0dGkuY29tJTJGbnVvdm9zaXRvJTJGc2Vydml6aSUyRmVuZXJnaWEtZWxldHRyaWNhLWUtZ2FzJTJGJTIyJTIwdGl0bGUlM0QlMjJFbmVyZ2lhJTIwZWxldHRyaWNhJTIwZSUyMEdhcyUyMiUzRSUzQ2ltZyUyMHNyYyUzRCUyMmh0dHAlM0ElMkYlMkZ3d3cuc2lscHJvZ2V0dGkuY29tJTJGbnVvdm9zaXRvJTJGd3AtY29udGVudCUyRnVwbG9hZHMlMkYyMDIxJTJGMTElMkZlbmVyZ2lhLWVsZXR0cmljYS1nYXMucG5nJTIyJTIwYWx0JTNEJTIyRW5lcmdpYSUyMGVsZXR0cmljYSUyMGUlMjBHYXMlMjIlM0UlM0MlMkZhJTNFJTNDJTJGZGl2JTNFJTBBJTBBJTBBJTNDZGl2JTIwY2xhc3MlM0QlMjJwdWxzJTIyJTNFJTNDYSUyMGhyZWYlM0QlMjJodHRwJTNBJTJGJTJGd3d3LnNpbHByb2dldHRpLmNvbSUyRm51b3Zvc2l0byUyRnNlcnZpemklMkZzaWN1cmV6emElMkYlMjIlMjB0aXRsZSUzRCUyMlNpY3VyZXp6YSUyMiUzRSUzQ2ltZyUyMHNyYyUzRCUyMmh0dHAlM0ElMkYlMkZ3d3cuc2lscHJvZ2V0dGkuY29tJTJGbnVvdm9zaXRvJTJGd3AtY29udGVudCUyRnVwbG9hZHMlMkYyMDIxJTJGMTElMkZzaWN1cmV6emEucG5nJTIyJTIwYWx0JTNEJTIyU2ljdWVyZXp6YSUyMiUzRSUzQyUyRmElM0UlM0MlMkZkaXYlM0UlMEElMEElM0NkaXYlMjBjbGFzcyUzRCUyMnB1bHMlMjIlM0UlM0NhJTIwaHJlZiUzRCUyMmh0dHAlM0ElMkYlMkZ3d3cuc2lscHJvZ2V0dGkuY29tJTJGbnVvdm9zaXRvJTJGc2Vydml6aSUyRmxpbmVlLXZpdGElMkYlMjIlMjB0aXRsZSUzRCUyMkxpbmVlJTIwdml0YSUyMiUzRSUzQ2ltZyUyMHNyYyUzRCUyMmh0dHAlM0ElMkYlMkZ3d3cuc2lscHJvZ2V0dGkuY29tJTJGbnVvdm9zaXRvJTJGd3AtY29udGVudCUyRnVwbG9hZHMlMkYyMDIxJTJGMTElMkZsaW5lZS12aXRhLnBuZyUyMiUyMGFsdCUzRCUyMmxpbmVlJTIwdml0YSUyMiUzRSUzQyUyRmElM0UlM0MlMkZkaXYlM0UlMEElMEElM0NkaXYlMjBjbGFzcyUzRCUyMnB1bHMlMjIlM0UlM0NhJTIwaHJlZiUzRCUyMmh0dHAlM0ElMkYlMkZ3d3cuc2lscHJvZ2V0dGkuY29tJTJGbnVvdm9zaXRvJTJGc2Vydml6aSUyRnByaXZhY3klMkYlMjIlMjB0aXRsZSUzRCUyMlByaXZhY3klMjIlM0UlM0NpbWclMjBzcmMlM0QlMjJodHRwJTNBJTJGJTJGd3d3LnNpbHByb2dldHRpLmNvbSUyRm51b3Zvc2l0byUyRndwLWNvbnRlbnQlMkZ1cGxvYWRzJTJGMjAyMSUyRjExJTJGcHJpdmFjeS5wbmclMjIlMjBhbHQlM0QlMjJQcml2YWN5JTIyJTNFJTNDJTJGYSUzRSUzQyUyRmRpdiUzRSUwQSUwQSUzQ2RpdiUyMGNsYXNzJTNEJTIycHVscyUyMiUzRSUzQ2ElMjBocmVmJTNEJTIyaHR0cCUzQSUyRiUyRnd3dy5zaWxwcm9nZXR0aS5jb20lMkZudW92b3NpdG8lMkZzZXJ2aXppJTJGY2VydGlmaWNhemlvbmklMkYlMjIlMjB0aXRsZSUzRCUyMkNlcnRpZmljYXppb25pJTIyJTNFJTNDaW1nJTIwc3JjJTNEJTIyaHR0cCUzQSUyRiUyRnd3dy5zaWxwcm9nZXR0aS5jb20lMkZudW92b3NpdG8lMkZ3cC1jb250ZW50JTJGdXBsb2FkcyUyRjIwMjElMkYxMSUyRmNlcnRpZmljYXppb25pLnBuZyUyMiUyMGFsdCUzRCUyMkNlcnRpZmljYXppb25pJTIyJTNFJTNDJTJGYSUzRSUzQyUyRmRpdiUzRSUwQSUwQSUzQ2RpdiUyMGNsYXNzJTNEJTIycHVscyUyMiUzRSUzQ2ElMjBocmVmJTNEJTIyaHR0cCUzQSUyRiUyRnd3dy5zaWxwcm9nZXR0aS5jb20lMkZudW92b3NpdG8lMkZzZXJ2aXppJTJGaW5nZWduZXJpYSUyRiUyMiUyMHRpdGxlJTNEJTIySW5nZWduZXJpYSUyMiUzRSUzQ2ltZyUyMHNyYyUzRCUyMmh0dHAlM0ElMkYlMkZ3d3cuc2lscHJvZ2V0dGkuY29tJTJGbnVvdm9zaXRvJTJGd3AtY29udGVudCUyRnVwbG9hZHMlMkYyMDIxJTJGMTElMkZpbmdlZ25lcmlhLnBuZyUyMiUyMGFsdCUzRCUyMkluZ2VnbmVyaWElMjIlM0UlM0MlMkZhJTNFJTNDJTJGZGl2JTNFJTBBJTBBJTNDZGl2JTIwY2xhc3MlM0QlMjJwdWxzJTIyJTNFJTNDYSUyMGhyZWYlM0QlMjJodHRwJTNBJTJGJTJGd3d3LnNpbHByb2dldHRpLmNvbSUyRm51b3Zvc2l0byUyRnNlcnZpemklMkZwb3RhYmlsaXRhLWFjcXVhJTJGJTIyJTIwdGl0bGUlM0QlMjJQb3RhYmlsaXQlQzMlQTAlMjBhY3F1YSUyMiUzRSUzQ2ltZyUyMHNyYyUzRCUyMmh0dHAlM0ElMkYlMkZ3d3cuc2lscHJvZ2V0dGkuY29tJTJGbnVvdm9zaXRvJTJGd3AtY29udGVudCUyRnVwbG9hZHMlMkYyMDIxJTJGMTElMkZwb3RhYmlsaXRhLWFjcXVhLnBuZyUyMiUyMGFsdCUzRCUyMlBvdGFiaWxpdCVDMyVBMCUyMGFjcXVhJTIyJTNFJTNDJTJGYSUzRSUzQyUyRmRpdiUzRSUwQSUwQSUzQ2RpdiUyMGNsYXNzJTNEJTIycHVscyUyMiUzRSUzQ2ElMjBocmVmJTNEJTIyaHR0cCUzQSUyRiUyRnd3dy5zaWxwcm9nZXR0aS5jb20lMkZudW92b3NpdG8lMkZzZXJ2aXppJTJGc21hbHRpbWVudG8tYW1pYW50byUyRiUyMiUyMHRpdGxlJTNEJTIyU21hbHRpbWVudG8lMjBBbWlhbnRvJTIyJTNFJTNDaW1nJTIwc3JjJTNEJTIyaHR0cCUzQSUyRiUyRnd3dy5zaWxwcm9nZXR0aS5jb20lMkZudW92b3NpdG8lMkZ3cC1jb250ZW50JTJGdXBsb2FkcyUyRjIwMjElMkYxMSUyRnNtYWx0aW1lbnRvLWFtaWFudG8ucG5nJTIyJTIwYWx0JTNEJTIyU21hbHRpbWVudG8lMjBBbWlhbnRvJTIyJTNFJTNDJTJGYSUzRSUzQyUyRmRpdiUzRSUwQSUzQyUyRmRpdiUzRQ==[\/vc_raw_html][\/vc_column_inner][\/vc_row_inner][\/vc_column][\/vc_row][vc_row top_margin=&#8221;page-margin-top&#8221;][vc_column][\/vc_column][\/vc_row][vc_row][vc_column width=&#8221;2\/3&#8243;][vc_column_text]Le verifiche periodiche del sistema di elevazione condominiale devono essere svolte con cadenza biennale da enti autorizzati all\u2019esercizio di tale attivit\u00e0 (es. ASL, Organismi di Ispezione, ecc.). SILprogetti srl attraverso la rete di ingegneri abilitati e periodicamente aggiornati, nel pieno rispetto delle procedure e le normative<\/p>\n","protected":false},"author":1,"featured_media":0,"parent":1457,"menu_order":1,"comment_status":"closed","ping_status":"closed","template":"","meta":{"footnotes":""},"class_list":["post-1475","page","type-page","status-publish","hentry"],"_links":{"self":[{"href":"http:\/\/www.silprogetti.com\/nuovosito\/wp-json\/wp\/v2\/pages\/1475","targetHints":{"allow":["GET"]}}],"collection":[{"href":"http:\/\/www.silprogetti.com\/nuovosito\/wp-json\/wp\/v2\/pages"}],"about":[{"href":"http:\/\/www.silprogetti.com\/nuovosito\/wp-json\/wp\/v2\/types\/page"}],"author":[{"embeddable":true,"href":"http:\/\/www.silprogetti.com\/nuovosito\/wp-json\/wp\/v2\/users\/1"}],"replies":[{"embeddable":true,"href":"http:\/\/www.silprogetti.com\/nuovosito\/wp-json\/wp\/v2\/comments?post=1475"}],"version-history":[{"count":12,"href":"http:\/\/www.silprogetti.com\/nuovosito\/wp-json\/wp\/v2\/pages\/1475\/revisions"}],"predecessor-version":[{"id":1824,"href":"http:\/\/www.silprogetti.com\/nuovosito\/wp-json\/wp\/v2\/pages\/1475\/revisions\/1824"}],"up":[{"embeddable":true,"href":"http:\/\/www.silprogetti.com\/nuovosito\/wp-json\/wp\/v2\/pages\/1457"}],"wp:attachment":[{"href":"http:\/\/www.silprogetti.com\/nuovosito\/wp-json\/wp\/v2\/media?parent=1475"}],"curies":[{"name":"wp","href":"https:\/\/api.w.org\/{rel}","templated":true}]}}